{"id":5383,"date":"2020-12-25T22:24:48","date_gmt":"2020-12-25T22:24:48","guid":{"rendered":"http:\/\/impactgraphics.com.co\/site\/?post_type=product&#038;p=5383"},"modified":"2021-02-07T21:31:07","modified_gmt":"2021-02-08T02:31:07","slug":"custom-vinyl-banners","status":"publish","type":"product","link":"https:\/\/impactgraphics.com.co\/site\/producto\/custom-vinyl-banners\/","title":{"rendered":"Custom Vinyl Banners"},"content":{"rendered":"<div class=\"fab-section\">\n<p class=\"fab-blurb\">Comenzamos con el material para pancartas de la mejor calidad y producimos su dise\u00f1o en impresoras comerciales de gran formato de clase mundial utilizando un m\u00e9todo de impresi\u00f3n de cuatro colores ecol\u00f3gico con tinta UV resistente a la intemperie, la decoloraci\u00f3n y la abrasi\u00f3n que deja su pancarta con colores hermosos y vibrantes.<\/p>\n<\/div>\n<div class=\"fab-section\"><\/div>\n","protected":false},"excerpt":{"rendered":"<p>Custom vinyl banners printed with fade resistant eco-solvent ink on durable 13 oz vinyl.<br \/>\nFor its assembly it can include free eyelets or a welded hem for greater resistance. Perfect for both indoor and outdoor use for companies, events or any special occasion.<\/p>\n","protected":false},"featured_media":6182,"comment_status":"open","ping_status":"closed","template":"","meta":[],"product_brand":[],"product_cat":[50],"product_tag":[],"class_list":{"0":"post-5383","1":"product","2":"type-product","3":"status-publish","4":"has-post-thumbnail","6":"product_cat-large-format-printing","8":"first","9":"instock","10":"taxable","11":"shipping-taxable","12":"purchasable","13":"product-type-simple"},"jetpack_sharing_enabled":true,"_links":{"self":[{"href":"https:\/\/impactgraphics.com.co\/site\/wp-json\/wp\/v2\/product\/5383","targetHints":{"allow":["GET"]}}],"collection":[{"href":"https:\/\/impactgraphics.com.co\/site\/wp-json\/wp\/v2\/product"}],"about":[{"href":"https:\/\/impactgraphics.com.co\/site\/wp-json\/wp\/v2\/types\/product"}],"replies":[{"embeddable":true,"href":"https:\/\/impactgraphics.com.co\/site\/wp-json\/wp\/v2\/comments?post=5383"}],"wp:featuredmedia":[{"embeddable":true,"href":"https:\/\/impactgraphics.com.co\/site\/wp-json\/wp\/v2\/media\/6182"}],"wp:attachment":[{"href":"https:\/\/impactgraphics.com.co\/site\/wp-json\/wp\/v2\/media?parent=5383"}],"wp:term":[{"taxonomy":"product_brand","embeddable":true,"href":"https:\/\/impactgraphics.com.co\/site\/wp-json\/wp\/v2\/product_brand?post=5383"},{"taxonomy":"product_cat","embeddable":true,"href":"https:\/\/impactgraphics.com.co\/site\/wp-json\/wp\/v2\/product_cat?post=5383"},{"taxonomy":"product_tag","embeddable":true,"href":"https:\/\/impactgraphics.com.co\/site\/wp-json\/wp\/v2\/product_tag?post=5383"}],"curies":[{"name":"wp","href":"https:\/\/api.w.org\/{rel}","templated":true}]}}